{"id":6,"date":"2020-03-03T10:32:57","date_gmt":"2020-03-03T10:32:57","guid":{"rendered":"http:\/\/burk-lab.uni-goettingen.de\/?page_id=3"},"modified":"2020-03-24T13:23:30","modified_gmt":"2020-03-24T13:23:30","slug":"privacy-policy","status":"publish","type":"page","link":"https:\/\/burk-lab.uni-goettingen.de\/?page_id=6","title":{"rendered":"Impressum"},"content":{"rendered":"\n<p>The following information is legally required by <a href=\"http:\/\/bundesrecht.juris.de\/tmg\/__5.html\">\u00a7 5 of the Telemediengesetz<\/a>\/German Telemedia Act.<\/p>\n\n\n\n<p>Responsible for the content of this site:<\/p>\n\n\n\n<p><strong>Dr. Katja Burk<\/strong><\/p>\n\n\n\n<figure class=\"wp-block-table\"><table class=\"\"><tbody><tr><td>Address:<\/td><td> Klinik f\u00fcr Neurologie<br> Universit\u00e4tsmedizin G\u00f6ttingen<br> AG Burk: Receptor Dynamics in Development and Disease<br> Von-Siebold-Str. 3A<br> 37075 G\u00f6ttingen<br> Germany <\/td><\/tr><tr><td>website:<\/td><td><a href=\"http:\/\/burk-lab.uni-goettingen.de\">burk-lab.uni-goettingen.de<\/a><\/td><\/tr><tr><td>Katja Burk email:<\/td><td><a href=\"mailto:kburk@gwdg.de\">kburk@gwdg.de<\/a><\/td><\/tr><tr><td>Katja Burk office:<\/td><td>+49 551 39 61222<\/td><\/tr><\/tbody><\/table><\/figure>\n","protected":false},"excerpt":{"rendered":"<p>The following information is legally required by \u00a7 5 of the Telemediengesetz\/German Telemedia Act. Responsible for the content of this site: Dr. Katja Burk Address: Klinik f\u00fcr Neurologie Universit\u00e4tsmedizin G\u00f6ttingen AG Burk: Receptor Dynamics in Development and Disease Von-Siebold-Str. 3A 37075 G\u00f6ttingen Germany website: burk-lab.uni-goettingen.de Katja Burk email: kburk@gwdg.de Katja Burk office: +49 551 39 61222<\/p>\n","protected":false},"author":2,"featured_media":0,"parent":0,"menu_order":0,"comment_status":"closed","ping_status":"open","template":"","meta":{"footnotes":""},"_links":{"self":[{"href":"https:\/\/burk-lab.uni-goettingen.de\/index.php?rest_route=\/wp\/v2\/pages\/6"}],"collection":[{"href":"https:\/\/burk-lab.uni-goettingen.de\/index.php?rest_route=\/wp\/v2\/pages"}],"about":[{"href":"https:\/\/burk-lab.uni-goettingen.de\/index.php?rest_route=\/wp\/v2\/types\/page"}],"author":[{"embeddable":true,"href":"https:\/\/burk-lab.uni-goettingen.de\/index.php?rest_route=\/wp\/v2\/users\/2"}],"replies":[{"embeddable":true,"href":"https:\/\/burk-lab.uni-goettingen.de\/index.php?rest_route=%2Fwp%2Fv2%2Fcomments&post=6"}],"version-history":[{"count":4,"href":"https:\/\/burk-lab.uni-goettingen.de\/index.php?rest_route=\/wp\/v2\/pages\/6\/revisions"}],"predecessor-version":[{"id":186,"href":"https:\/\/burk-lab.uni-goettingen.de\/index.php?rest_route=\/wp\/v2\/pages\/6\/revisions\/186"}],"wp:attachment":[{"href":"https:\/\/burk-lab.uni-goettingen.de\/index.php?rest_route=%2Fwp%2Fv2%2Fmedia&parent=6"}],"curies":[{"name":"wp","href":"https:\/\/api.w.org\/{rel}","templated":true}]}}